{"id":20720,"date":"2024-07-02T12:32:57","date_gmt":"2024-07-02T12:32:57","guid":{"rendered":"https:\/\/rever-lab.eu\/?post_type=product&#038;p=20720"},"modified":"2024-07-03T10:39:34","modified_gmt":"2024-07-03T10:39:34","slug":"11-1-baume-nettoyant","status":"publish","type":"product","link":"https:\/\/rever-lab.eu\/pt-pt\/prodotto\/11-1-baume-nettoyant\/","title":{"rendered":"11.1 BAUME NETTOYANT"},"content":{"rendered":"<p>Um b\u00e1lsamo suave enriquecido com ativos naturais hiperfermentados, como Bifida e Lactobacillus, que proporciona uma limpeza profunda. Remove eficazmente as impurezas da pele e a maquiagem, ajudando tamb\u00e9m a restaurar o microbioma cut\u00e2neo alterado por agentes externos.<\/p>\n","protected":false},"excerpt":{"rendered":"<p><strong>B\u00e1lsamo de limpeza hiperfermentado com probi\u00f3ticos de a\u00e7\u00e3o profunda<\/strong><br \/>\nC\u00f3digo do produto: RV1101VD (50 ml) e RV1101VE (200 ml)<\/p>\n<p>Um suave b\u00e1lsamo enriquecido com ativos naturais hiperfermentados, como Bifida e Lactobacillus, com a\u00e7\u00e3o de limpeza profunda. Remove eficazmente as impurezas da pele e a maquiagem, al\u00e9m de restaurar o microbioma da pele danificado pelo ambiente externo.<\/p>\n","protected":false},"featured_media":20743,"comment_status":"open","ping_status":"closed","template":"","meta":{"_glsr_average":0,"_glsr_ranking":0,"_glsr_reviews":0},"product_brand":[],"product_cat":[298,147],"product_tag":[48,256,258,299,580],"class_list":{"0":"post-20720","1":"product","2":"type-product","3":"status-publish","4":"has-post-thumbnail","6":"product_cat-11-nemesis-pt-pt","7":"product_cat-visage-pt-pt","8":"product_tag-detergere","9":"product_tag-iluminar","10":"product_tag-nutrir","11":"product_tag-reestruturar","12":"product_tag-viso-pt-pt","14":"first","15":"instock","16":"shipping-taxable","17":"product-type-simple"},"_links":{"self":[{"href":"https:\/\/rever-lab.eu\/pt-pt\/wp-json\/wp\/v2\/product\/20720","targetHints":{"allow":["GET"]}}],"collection":[{"href":"https:\/\/rever-lab.eu\/pt-pt\/wp-json\/wp\/v2\/product"}],"about":[{"href":"https:\/\/rever-lab.eu\/pt-pt\/wp-json\/wp\/v2\/types\/product"}],"replies":[{"embeddable":true,"href":"https:\/\/rever-lab.eu\/pt-pt\/wp-json\/wp\/v2\/comments?post=20720"}],"wp:featuredmedia":[{"embeddable":true,"href":"https:\/\/rever-lab.eu\/pt-pt\/wp-json\/wp\/v2\/media\/20743"}],"wp:attachment":[{"href":"https:\/\/rever-lab.eu\/pt-pt\/wp-json\/wp\/v2\/media?parent=20720"}],"wp:term":[{"taxonomy":"product_brand","embeddable":true,"href":"https:\/\/rever-lab.eu\/pt-pt\/wp-json\/wp\/v2\/product_brand?post=20720"},{"taxonomy":"product_cat","embeddable":true,"href":"https:\/\/rever-lab.eu\/pt-pt\/wp-json\/wp\/v2\/product_cat?post=20720"},{"taxonomy":"product_tag","embeddable":true,"href":"https:\/\/rever-lab.eu\/pt-pt\/wp-json\/wp\/v2\/product_tag?post=20720"}],"curies":[{"name":"wp","href":"https:\/\/api.w.org\/{rel}","templated":true}]}}