{"id":19951,"date":"2021-11-17T14:46:28","date_gmt":"2021-11-17T14:46:28","guid":{"rendered":"https:\/\/rever-lab.eu\/prodotto\/0-6-disquettes-exfoliants\/"},"modified":"2023-08-30T10:05:25","modified_gmt":"2023-08-30T10:05:25","slug":"0-6-disquettes-exfoliants","status":"publish","type":"product","link":"https:\/\/rever-lab.eu\/pt-pt\/prodotto\/0-6-disquettes-exfoliants\/","title":{"rendered":"0.6 DISQUETTES EXFOLIANTS"},"content":{"rendered":"<p>Almofadas de algod\u00e3o com uma textura esfoliante espec\u00edfica que facilita a remo\u00e7\u00e3o de impurezas sem agredir a pele. Recomendadas especialmente em combina\u00e7\u00e3o com o Leite de Limpeza Suave 0.1.<\/p>\n","protected":false},"excerpt":{"rendered":"<p><strong>Almofadas esfoliantes<\/strong><br \/>\nC\u00f3digo do produto: RV0006IN (20 unidades)<\/p>\n<p>Discos de tecido com textura esfoliante para um efeito de suaviza\u00e7\u00e3o e uniformidade na tez.<\/p>\n","protected":false},"featured_media":19952,"comment_status":"open","ping_status":"closed","template":"","meta":{"_glsr_average":0,"_glsr_ranking":0,"_glsr_reviews":0},"product_brand":[],"product_cat":[173,49,253],"product_tag":[],"class_list":{"0":"post-19951","1":"product","2":"type-product","3":"status-publish","4":"has-post-thumbnail","6":"product_cat-0-pure-pt-pt","7":"product_cat-visage","8":"product_cat-visage-pt-pt-2","10":"first","11":"instock","12":"shipping-taxable","13":"product-type-simple"},"_links":{"self":[{"href":"https:\/\/rever-lab.eu\/pt-pt\/wp-json\/wp\/v2\/product\/19951","targetHints":{"allow":["GET"]}}],"collection":[{"href":"https:\/\/rever-lab.eu\/pt-pt\/wp-json\/wp\/v2\/product"}],"about":[{"href":"https:\/\/rever-lab.eu\/pt-pt\/wp-json\/wp\/v2\/types\/product"}],"replies":[{"embeddable":true,"href":"https:\/\/rever-lab.eu\/pt-pt\/wp-json\/wp\/v2\/comments?post=19951"}],"wp:featuredmedia":[{"embeddable":true,"href":"https:\/\/rever-lab.eu\/pt-pt\/wp-json\/wp\/v2\/media\/19952"}],"wp:attachment":[{"href":"https:\/\/rever-lab.eu\/pt-pt\/wp-json\/wp\/v2\/media?parent=19951"}],"wp:term":[{"taxonomy":"product_brand","embeddable":true,"href":"https:\/\/rever-lab.eu\/pt-pt\/wp-json\/wp\/v2\/product_brand?post=19951"},{"taxonomy":"product_cat","embeddable":true,"href":"https:\/\/rever-lab.eu\/pt-pt\/wp-json\/wp\/v2\/product_cat?post=19951"},{"taxonomy":"product_tag","embeddable":true,"href":"https:\/\/rever-lab.eu\/pt-pt\/wp-json\/wp\/v2\/product_tag?post=19951"}],"curies":[{"name":"wp","href":"https:\/\/api.w.org\/{rel}","templated":true}]}}