{"id":19716,"date":"2021-11-17T14:49:38","date_gmt":"2021-11-17T14:49:38","guid":{"rendered":"https:\/\/rever-lab.eu\/prodotto\/10-2-phenix-q10-oyl\/"},"modified":"2023-08-31T08:18:09","modified_gmt":"2023-08-31T08:18:09","slug":"10-2-phenix-q10-oyl","status":"publish","type":"product","link":"https:\/\/rever-lab.eu\/pt-pt\/prodotto\/10-2-phenix-q10-oyl\/","title":{"rendered":"10.2 PH\u00c9NIX Q10 OYL"},"content":{"rendered":"<p>Um s\u00e9rum contendo um lipossoma especial de Fosfol\u00edpido que entrega a Coenzima Q10 profundamente na pele, fornecendo nutri\u00e7\u00e3o e hidrata\u00e7\u00e3o. A sinergia com \u00c1cido Hialur\u00f3nico de baixo peso molecular garante resultados imediatos e surpreendentes. Restaura a atividade mitocondrial normal, iluminando o tom de pele. Pode ser combinado com outros s\u00e9runs Pragmatix.<\/p>\n","protected":false},"excerpt":{"rendered":"<p><strong>S\u00e9rum Anti-Envelhecimento Fotolip\u00eddico<\/strong><br \/>\nC\u00f3digo do produto: RV1002ZM (9 ml) e RV1002FE (100 ml)<\/p>\n<p>Soro com a\u00e7\u00e3o hidratante e revitalizante, cont\u00e9m \u00c1cido hialur\u00f4nico, um Lipossoma fosfolip\u00eddico e uma mol\u00e9cula ativa de Coenzima Q10 dermocompat\u00edvel capaz de restaurar a atividade mitocondrial normal das c\u00e9lulas.<\/p>\n","protected":false},"featured_media":19717,"comment_status":"open","ping_status":"closed","template":"","meta":{"_glsr_average":0,"_glsr_ranking":0,"_glsr_reviews":0},"product_brand":[],"product_cat":[170,49,253],"product_tag":[264,61],"class_list":{"0":"post-19716","1":"product","2":"type-product","3":"status-publish","4":"has-post-thumbnail","6":"product_cat-10-pragmatix-pt-pt","7":"product_cat-visage","8":"product_cat-visage-pt-pt-2","9":"product_tag-anti-idade","10":"product_tag-antiage","12":"first","13":"instock","14":"shipping-taxable","15":"product-type-simple"},"_links":{"self":[{"href":"https:\/\/rever-lab.eu\/pt-pt\/wp-json\/wp\/v2\/product\/19716","targetHints":{"allow":["GET"]}}],"collection":[{"href":"https:\/\/rever-lab.eu\/pt-pt\/wp-json\/wp\/v2\/product"}],"about":[{"href":"https:\/\/rever-lab.eu\/pt-pt\/wp-json\/wp\/v2\/types\/product"}],"replies":[{"embeddable":true,"href":"https:\/\/rever-lab.eu\/pt-pt\/wp-json\/wp\/v2\/comments?post=19716"}],"wp:featuredmedia":[{"embeddable":true,"href":"https:\/\/rever-lab.eu\/pt-pt\/wp-json\/wp\/v2\/media\/19717"}],"wp:attachment":[{"href":"https:\/\/rever-lab.eu\/pt-pt\/wp-json\/wp\/v2\/media?parent=19716"}],"wp:term":[{"taxonomy":"product_brand","embeddable":true,"href":"https:\/\/rever-lab.eu\/pt-pt\/wp-json\/wp\/v2\/product_brand?post=19716"},{"taxonomy":"product_cat","embeddable":true,"href":"https:\/\/rever-lab.eu\/pt-pt\/wp-json\/wp\/v2\/product_cat?post=19716"},{"taxonomy":"product_tag","embeddable":true,"href":"https:\/\/rever-lab.eu\/pt-pt\/wp-json\/wp\/v2\/product_tag?post=19716"}],"curies":[{"name":"wp","href":"https:\/\/api.w.org\/{rel}","templated":true}]}}