{"id":19630,"date":"2022-12-02T16:13:05","date_gmt":"2022-12-02T15:13:05","guid":{"rendered":"https:\/\/rever-lab.eu\/bouclier\/"},"modified":"2022-12-02T16:13:05","modified_gmt":"2022-12-02T15:13:05","slug":"bouclier","status":"publish","type":"page","link":"https:\/\/rever-lab.eu\/en\/bouclier\/","title":{"rendered":"Bouclier"},"content":{"rendered":"<div class=\"wpb-content-wrapper\"><p>[vc_row][vc_column][vc_single_image image=&#8221;14621&#8243; img_size=&#8221;full&#8221; alignment=&#8221;center&#8221;][vc_column_text css_animation=&#8221;fadeIn&#8221;]Bouclier (che in francese significa \u201cscudo\u201d) \u00e8 la linea tecnica di cosmetici solari di R\u00caVER Laboratoire, dedicata alle clienti pi\u00f9 esigenti che desiderano una protezione completa contro gli effetti nocivi del sole tra i quali la comparsa di macchie solari, invecchiamento della pelle e segni di sensibilit\u00e0.[\/vc_column_text]<div class=\"woocommerce columns-3 \">\n<div class=\"products elements-grid basel-products-holder  pagination-pagination row grid-columns-4\" data-min_price=\"\" data-max_price=\"\" data-source=\"main_loop\">\t<div class=\"product-grid-item basel-hover-alt product  col-md-3 col-sm-4 col-xs-6 first  post-0 post type-post status-publish format-standard has-post-thumbnail hentry\" data-loop=\"1\" data-id=\"24375\">\n\n\t\t<div class=\"product-element-top\">\n\t<a href=\"https:\/\/rever-lab.eu\/en\/prodotto\/27-6-solieve-visage-et-corps\/\">\n\t\t<img loading=\"lazy\" decoding=\"async\" width=\"300\" height=\"300\" src=\"https:\/\/rever-lab.eu\/wp-content\/uploads\/2026\/04\/RVN276TF-300x300.webp\" class=\"attachment-woocommerce_thumbnail size-woocommerce_thumbnail\" alt=\"\" srcset=\"https:\/\/rever-lab.eu\/wp-content\/uploads\/2026\/04\/RVN276TF-300x300.webp 300w, https:\/\/rever-lab.eu\/wp-content\/uploads\/2026\/04\/RVN276TF-1024x1024.webp 1024w, https:\/\/rever-lab.eu\/wp-content\/uploads\/2026\/04\/RVN276TF-150x150.webp 150w, https:\/\/rever-lab.eu\/wp-content\/uploads\/2026\/04\/RVN276TF-768x768.webp 768w, https:\/\/rever-lab.eu\/wp-content\/uploads\/2026\/04\/RVN276TF-1536x1536.webp 1536w, https:\/\/rever-lab.eu\/wp-content\/uploads\/2026\/04\/RVN276TF-2048x2048.webp 2048w, https:\/\/rever-lab.eu\/wp-content\/uploads\/2026\/04\/RVN276TF-600x600.webp 600w, https:\/\/rever-lab.eu\/wp-content\/uploads\/2026\/04\/RVN276TF-100x100.webp 100w\" sizes=\"auto, (max-width: 300px) 100vw, 300px\" \/>\t<\/a>\n\t\t<div class=\"basel-buttons\">\n\t\t\t\t<div class=\"basel-compare-btn product-compare-button\"><a class=\"button\" rel=\"nofollow\" href=\"https:\/\/rever-lab.eu\/en\/prodotto\/27-6-solieve-visage-et-corps\/\" data-added-text=\"Compare products\" data-id=\"24375\">Compare<\/a><\/div>\t\t\t\t\t<div class=\"quick-view\">\n\t\t\t\t<a \n\t\t\t\t\thref=\"https:\/\/rever-lab.eu\/en\/prodotto\/27-6-solieve-visage-et-corps\/\" \n\t\t\t\t\tclass=\"open-quick-view quick-view-button\"\n\t\t\t\t\trel=\"nofollow\"\n\t\t\t\t\tdata-id=\"24375\">Quick View<\/a>\n\t\t\t<\/div>\n\t\t\t<\/div>\n<\/div>\n<h3 class=\"product-title\"><a href=\"https:\/\/rever-lab.eu\/en\/prodotto\/27-6-solieve-visage-et-corps\/\">27.6 SOLIEVE VISAGE ET CORPS<\/a><\/h3>\n\n<div class=\"wrap-price\">\n\t<div class=\"wrapp-swap\">\n\t\t<div class=\"swap-elements\">\n\t\t\t\n\t\t\t<div class=\"btn-add\">\n\t\t\t\t\t\t\t<\/div>\n\t\t<\/div>\n\t<\/div>\n\t<\/div>\n\n\n\n\t<\/div>\n\t<div class=\"product-grid-item basel-hover-alt product  col-md-3 col-sm-4 col-xs-6 post-0 post type-post status-publish format-standard has-post-thumbnail hentry\" data-loop=\"2\" data-id=\"24373\">\n\n\t\t<div class=\"product-element-top\">\n\t<a href=\"https:\/\/rever-lab.eu\/en\/prodotto\/27-5-sublimateur-de-bronzage\/\">\n\t\t<img loading=\"lazy\" decoding=\"async\" width=\"300\" height=\"300\" src=\"https:\/\/rever-lab.eu\/wp-content\/uploads\/2026\/04\/RVN275SF-300x300.webp\" class=\"attachment-woocommerce_thumbnail size-woocommerce_thumbnail\" alt=\"\" srcset=\"https:\/\/rever-lab.eu\/wp-content\/uploads\/2026\/04\/RVN275SF-300x300.webp 300w, https:\/\/rever-lab.eu\/wp-content\/uploads\/2026\/04\/RVN275SF-1024x1024.webp 1024w, https:\/\/rever-lab.eu\/wp-content\/uploads\/2026\/04\/RVN275SF-150x150.webp 150w, https:\/\/rever-lab.eu\/wp-content\/uploads\/2026\/04\/RVN275SF-768x768.webp 768w, https:\/\/rever-lab.eu\/wp-content\/uploads\/2026\/04\/RVN275SF-1536x1536.webp 1536w, https:\/\/rever-lab.eu\/wp-content\/uploads\/2026\/04\/RVN275SF-2048x2048.webp 2048w, https:\/\/rever-lab.eu\/wp-content\/uploads\/2026\/04\/RVN275SF-600x600.webp 600w, https:\/\/rever-lab.eu\/wp-content\/uploads\/2026\/04\/RVN275SF-100x100.webp 100w\" sizes=\"auto, (max-width: 300px) 100vw, 300px\" \/>\t<\/a>\n\t\t<div class=\"basel-buttons\">\n\t\t\t\t<div class=\"basel-compare-btn product-compare-button\"><a class=\"button\" rel=\"nofollow\" href=\"https:\/\/rever-lab.eu\/en\/prodotto\/27-5-sublimateur-de-bronzage\/\" data-added-text=\"Compare products\" data-id=\"24373\">Compare<\/a><\/div>\t\t\t\t\t<div class=\"quick-view\">\n\t\t\t\t<a \n\t\t\t\t\thref=\"https:\/\/rever-lab.eu\/en\/prodotto\/27-5-sublimateur-de-bronzage\/\" \n\t\t\t\t\tclass=\"open-quick-view quick-view-button\"\n\t\t\t\t\trel=\"nofollow\"\n\t\t\t\t\tdata-id=\"24373\">Quick View<\/a>\n\t\t\t<\/div>\n\t\t\t<\/div>\n<\/div>\n<h3 class=\"product-title\"><a href=\"https:\/\/rever-lab.eu\/en\/prodotto\/27-5-sublimateur-de-bronzage\/\">27.5 SUBLIMATEUR DE BRONZAGE<\/a><\/h3>\n\n<div class=\"wrap-price\">\n\t<div class=\"wrapp-swap\">\n\t\t<div class=\"swap-elements\">\n\t\t\t\n\t\t\t<div class=\"btn-add\">\n\t\t\t\t\t\t\t<\/div>\n\t\t<\/div>\n\t<\/div>\n\t<\/div>\n\n\n\n\t<\/div>\n<div class=\"clearfix visible-xs-block\"><\/div>\t<div class=\"product-grid-item basel-hover-alt product  col-md-3 col-sm-4 col-xs-6 post-0 post type-post status-publish format-standard has-post-thumbnail hentry\" data-loop=\"3\" data-id=\"24371\">\n\n\t\t<div class=\"product-element-top\">\n\t<a href=\"https:\/\/rever-lab.eu\/en\/prodotto\/27-4-soin-protecteur-corps-50\/\">\n\t\t<img loading=\"lazy\" decoding=\"async\" width=\"300\" height=\"300\" src=\"https:\/\/rever-lab.eu\/wp-content\/uploads\/2026\/04\/RVN274TF-300x300.webp\" class=\"attachment-woocommerce_thumbnail size-woocommerce_thumbnail\" alt=\"\" srcset=\"https:\/\/rever-lab.eu\/wp-content\/uploads\/2026\/04\/RVN274TF-300x300.webp 300w, https:\/\/rever-lab.eu\/wp-content\/uploads\/2026\/04\/RVN274TF-1024x1024.webp 1024w, https:\/\/rever-lab.eu\/wp-content\/uploads\/2026\/04\/RVN274TF-150x150.webp 150w, https:\/\/rever-lab.eu\/wp-content\/uploads\/2026\/04\/RVN274TF-768x768.webp 768w, https:\/\/rever-lab.eu\/wp-content\/uploads\/2026\/04\/RVN274TF-1536x1536.webp 1536w, https:\/\/rever-lab.eu\/wp-content\/uploads\/2026\/04\/RVN274TF-2048x2048.webp 2048w, https:\/\/rever-lab.eu\/wp-content\/uploads\/2026\/04\/RVN274TF-600x600.webp 600w, https:\/\/rever-lab.eu\/wp-content\/uploads\/2026\/04\/RVN274TF-100x100.webp 100w\" sizes=\"auto, (max-width: 300px) 100vw, 300px\" \/>\t<\/a>\n\t\t<div class=\"basel-buttons\">\n\t\t\t\t<div class=\"basel-compare-btn product-compare-button\"><a class=\"button\" rel=\"nofollow\" href=\"https:\/\/rever-lab.eu\/en\/prodotto\/27-4-soin-protecteur-corps-50\/\" data-added-text=\"Compare products\" data-id=\"24371\">Compare<\/a><\/div>\t\t\t\t\t<div class=\"quick-view\">\n\t\t\t\t<a \n\t\t\t\t\thref=\"https:\/\/rever-lab.eu\/en\/prodotto\/27-4-soin-protecteur-corps-50\/\" \n\t\t\t\t\tclass=\"open-quick-view quick-view-button\"\n\t\t\t\t\trel=\"nofollow\"\n\t\t\t\t\tdata-id=\"24371\">Quick View<\/a>\n\t\t\t<\/div>\n\t\t\t<\/div>\n<\/div>\n<h3 class=\"product-title\"><a href=\"https:\/\/rever-lab.eu\/en\/prodotto\/27-4-soin-protecteur-corps-50\/\">27.4 SOIN PROTECTEUR CORPS 50+<\/a><\/h3>\n\n<div class=\"wrap-price\">\n\t<div class=\"wrapp-swap\">\n\t\t<div class=\"swap-elements\">\n\t\t\t\n\t\t\t<div class=\"btn-add\">\n\t\t\t\t\t\t\t<\/div>\n\t\t<\/div>\n\t<\/div>\n\t<\/div>\n\n\n\n\t<\/div>\n<div class=\"clearfix visible-sm-block\"><\/div>\t<div class=\"product-grid-item basel-hover-alt product  col-md-3 col-sm-4 col-xs-6 last  post-0 post type-post status-publish format-standard has-post-thumbnail hentry\" data-loop=\"4\" data-id=\"24369\">\n\n\t\t<div class=\"product-element-top\">\n\t<a href=\"https:\/\/rever-lab.eu\/en\/prodotto\/27-3-soin-protecteur-corps-30\/\">\n\t\t<img loading=\"lazy\" decoding=\"async\" width=\"300\" height=\"300\" src=\"https:\/\/rever-lab.eu\/wp-content\/uploads\/2026\/04\/RVN273TF-300x300.webp\" class=\"attachment-woocommerce_thumbnail size-woocommerce_thumbnail\" alt=\"\" srcset=\"https:\/\/rever-lab.eu\/wp-content\/uploads\/2026\/04\/RVN273TF-300x300.webp 300w, https:\/\/rever-lab.eu\/wp-content\/uploads\/2026\/04\/RVN273TF-1024x1024.webp 1024w, https:\/\/rever-lab.eu\/wp-content\/uploads\/2026\/04\/RVN273TF-150x150.webp 150w, https:\/\/rever-lab.eu\/wp-content\/uploads\/2026\/04\/RVN273TF-768x768.webp 768w, https:\/\/rever-lab.eu\/wp-content\/uploads\/2026\/04\/RVN273TF-1536x1536.webp 1536w, https:\/\/rever-lab.eu\/wp-content\/uploads\/2026\/04\/RVN273TF-2048x2048.webp 2048w, https:\/\/rever-lab.eu\/wp-content\/uploads\/2026\/04\/RVN273TF-600x600.webp 600w, https:\/\/rever-lab.eu\/wp-content\/uploads\/2026\/04\/RVN273TF-100x100.webp 100w\" sizes=\"auto, (max-width: 300px) 100vw, 300px\" \/>\t<\/a>\n\t\t<div class=\"basel-buttons\">\n\t\t\t\t<div class=\"basel-compare-btn product-compare-button\"><a class=\"button\" rel=\"nofollow\" href=\"https:\/\/rever-lab.eu\/en\/prodotto\/27-3-soin-protecteur-corps-30\/\" data-added-text=\"Compare products\" data-id=\"24369\">Compare<\/a><\/div>\t\t\t\t\t<div class=\"quick-view\">\n\t\t\t\t<a \n\t\t\t\t\thref=\"https:\/\/rever-lab.eu\/en\/prodotto\/27-3-soin-protecteur-corps-30\/\" \n\t\t\t\t\tclass=\"open-quick-view quick-view-button\"\n\t\t\t\t\trel=\"nofollow\"\n\t\t\t\t\tdata-id=\"24369\">Quick View<\/a>\n\t\t\t<\/div>\n\t\t\t<\/div>\n<\/div>\n<h3 class=\"product-title\"><a href=\"https:\/\/rever-lab.eu\/en\/prodotto\/27-3-soin-protecteur-corps-30\/\">27.3 SOIN PROTECTEUR CORPS 30+<\/a><\/h3>\n\n<div class=\"wrap-price\">\n\t<div class=\"wrapp-swap\">\n\t\t<div class=\"swap-elements\">\n\t\t\t\n\t\t\t<div class=\"btn-add\">\n\t\t\t\t\t\t\t<\/div>\n\t\t<\/div>\n\t<\/div>\n\t<\/div>\n\n\n\n\t<\/div>\n<div class=\"clearfix visible-xs-block\"><\/div><div class=\"clearfix visible-md-block visible-lg-block\"><\/div>\t<div class=\"product-grid-item basel-hover-alt product  col-md-3 col-sm-4 col-xs-6 first  post-0 post type-post status-publish format-standard has-post-thumbnail hentry\" data-loop=\"5\" data-id=\"24367\">\n\n\t\t<div class=\"product-element-top\">\n\t<a href=\"https:\/\/rever-lab.eu\/en\/prodotto\/27-2-solieve-visage\/\">\n\t\t<img loading=\"lazy\" decoding=\"async\" width=\"300\" height=\"300\" src=\"https:\/\/rever-lab.eu\/wp-content\/uploads\/2026\/04\/RVN272TC-300x300.webp\" class=\"attachment-woocommerce_thumbnail size-woocommerce_thumbnail\" alt=\"\" srcset=\"https:\/\/rever-lab.eu\/wp-content\/uploads\/2026\/04\/RVN272TC-300x300.webp 300w, https:\/\/rever-lab.eu\/wp-content\/uploads\/2026\/04\/RVN272TC-1024x1024.webp 1024w, https:\/\/rever-lab.eu\/wp-content\/uploads\/2026\/04\/RVN272TC-150x150.webp 150w, https:\/\/rever-lab.eu\/wp-content\/uploads\/2026\/04\/RVN272TC-768x768.webp 768w, https:\/\/rever-lab.eu\/wp-content\/uploads\/2026\/04\/RVN272TC-1536x1536.webp 1536w, https:\/\/rever-lab.eu\/wp-content\/uploads\/2026\/04\/RVN272TC-2048x2048.webp 2048w, https:\/\/rever-lab.eu\/wp-content\/uploads\/2026\/04\/RVN272TC-600x600.webp 600w, https:\/\/rever-lab.eu\/wp-content\/uploads\/2026\/04\/RVN272TC-100x100.webp 100w\" sizes=\"auto, (max-width: 300px) 100vw, 300px\" \/>\t<\/a>\n\t\t<div class=\"basel-buttons\">\n\t\t\t\t<div class=\"basel-compare-btn product-compare-button\"><a class=\"button\" rel=\"nofollow\" href=\"https:\/\/rever-lab.eu\/en\/prodotto\/27-2-solieve-visage\/\" data-added-text=\"Compare products\" data-id=\"24367\">Compare<\/a><\/div>\t\t\t\t\t<div class=\"quick-view\">\n\t\t\t\t<a \n\t\t\t\t\thref=\"https:\/\/rever-lab.eu\/en\/prodotto\/27-2-solieve-visage\/\" \n\t\t\t\t\tclass=\"open-quick-view quick-view-button\"\n\t\t\t\t\trel=\"nofollow\"\n\t\t\t\t\tdata-id=\"24367\">Quick View<\/a>\n\t\t\t<\/div>\n\t\t\t<\/div>\n<\/div>\n<h3 class=\"product-title\"><a href=\"https:\/\/rever-lab.eu\/en\/prodotto\/27-2-solieve-visage\/\">27.2 SOLIEVE VISAGE<\/a><\/h3>\n\n<div class=\"wrap-price\">\n\t<div class=\"wrapp-swap\">\n\t\t<div class=\"swap-elements\">\n\t\t\t\n\t\t\t<div class=\"btn-add\">\n\t\t\t\t\t\t\t<\/div>\n\t\t<\/div>\n\t<\/div>\n\t<\/div>\n\n\n\n\t<\/div>\n\t<div class=\"product-grid-item basel-hover-alt product  col-md-3 col-sm-4 col-xs-6 post-0 post type-post status-publish format-standard has-post-thumbnail hentry\" data-loop=\"6\" data-id=\"24361\">\n\n\t\t<div class=\"product-element-top\">\n\t<a href=\"https:\/\/rever-lab.eu\/en\/prodotto\/27-1-soin-protecteur-visage-50\/\">\n\t\t<img loading=\"lazy\" decoding=\"async\" width=\"300\" height=\"300\" src=\"https:\/\/rever-lab.eu\/wp-content\/uploads\/2026\/04\/RVN271TD-300x300.webp\" class=\"attachment-woocommerce_thumbnail size-woocommerce_thumbnail\" alt=\"\" srcset=\"https:\/\/rever-lab.eu\/wp-content\/uploads\/2026\/04\/RVN271TD-300x300.webp 300w, https:\/\/rever-lab.eu\/wp-content\/uploads\/2026\/04\/RVN271TD-1024x1024.webp 1024w, https:\/\/rever-lab.eu\/wp-content\/uploads\/2026\/04\/RVN271TD-150x150.webp 150w, https:\/\/rever-lab.eu\/wp-content\/uploads\/2026\/04\/RVN271TD-768x768.webp 768w, https:\/\/rever-lab.eu\/wp-content\/uploads\/2026\/04\/RVN271TD-1536x1536.webp 1536w, https:\/\/rever-lab.eu\/wp-content\/uploads\/2026\/04\/RVN271TD-2048x2048.webp 2048w, https:\/\/rever-lab.eu\/wp-content\/uploads\/2026\/04\/RVN271TD-600x600.webp 600w, https:\/\/rever-lab.eu\/wp-content\/uploads\/2026\/04\/RVN271TD-100x100.webp 100w\" sizes=\"auto, (max-width: 300px) 100vw, 300px\" \/>\t<\/a>\n\t\t<div class=\"basel-buttons\">\n\t\t\t\t<div class=\"basel-compare-btn product-compare-button\"><a class=\"button\" rel=\"nofollow\" href=\"https:\/\/rever-lab.eu\/en\/prodotto\/27-1-soin-protecteur-visage-50\/\" data-added-text=\"Compare products\" data-id=\"24361\">Compare<\/a><\/div>\t\t\t\t\t<div class=\"quick-view\">\n\t\t\t\t<a \n\t\t\t\t\thref=\"https:\/\/rever-lab.eu\/en\/prodotto\/27-1-soin-protecteur-visage-50\/\" \n\t\t\t\t\tclass=\"open-quick-view quick-view-button\"\n\t\t\t\t\trel=\"nofollow\"\n\t\t\t\t\tdata-id=\"24361\">Quick View<\/a>\n\t\t\t<\/div>\n\t\t\t<\/div>\n<\/div>\n<h3 class=\"product-title\"><a href=\"https:\/\/rever-lab.eu\/en\/prodotto\/27-1-soin-protecteur-visage-50\/\">27.1 SOIN PROTECTEUR VISAGE 50+<\/a><\/h3>\n\n<div class=\"wrap-price\">\n\t<div class=\"wrapp-swap\">\n\t\t<div class=\"swap-elements\">\n\t\t\t\n\t\t\t<div class=\"btn-add\">\n\t\t\t\t\t\t\t<\/div>\n\t\t<\/div>\n\t<\/div>\n\t<\/div>\n\n\n\n\t<\/div>\n<div class=\"clearfix visible-xs-block\"><\/div><div class=\"clearfix visible-sm-block\"><\/div><\/div><\/div>[\/vc_column][\/vc_row]<\/p>\n<\/div>","protected":false},"excerpt":{"rendered":"<p>[vc_row][vc_column][vc_single_image image=&#8221;14621&#8243; img_size=&#8221;full&#8221; alignment=&#8221;center&#8221;][vc_column_text css_animation=&#8221;fadeIn&#8221;]Bouclier (che in francese significa \u201cscudo\u201d) \u00e8 la linea tecnica di cosmetici solari di R\u00caVER Laboratoire,<\/p>\n","protected":false},"author":1,"featured_media":0,"parent":0,"menu_order":0,"comment_status":"closed","ping_status":"closed","template":"","meta":{"_glsr_average":0,"_glsr_ranking":0,"_glsr_reviews":0,"footnotes":""},"class_list":["post-19630","page","type-page","status-publish","hentry"],"_links":{"self":[{"href":"https:\/\/rever-lab.eu\/en\/wp-json\/wp\/v2\/pages\/19630","targetHints":{"allow":["GET"]}}],"collection":[{"href":"https:\/\/rever-lab.eu\/en\/wp-json\/wp\/v2\/pages"}],"about":[{"href":"https:\/\/rever-lab.eu\/en\/wp-json\/wp\/v2\/types\/page"}],"author":[{"embeddable":true,"href":"https:\/\/rever-lab.eu\/en\/wp-json\/wp\/v2\/users\/1"}],"replies":[{"embeddable":true,"href":"https:\/\/rever-lab.eu\/en\/wp-json\/wp\/v2\/comments?post=19630"}],"version-history":[{"count":0,"href":"https:\/\/rever-lab.eu\/en\/wp-json\/wp\/v2\/pages\/19630\/revisions"}],"wp:attachment":[{"href":"https:\/\/rever-lab.eu\/en\/wp-json\/wp\/v2\/media?parent=19630"}],"curies":[{"name":"wp","href":"https:\/\/api.w.org\/{rel}","templated":true}]}}